{"id":200,"date":"2016-10-17T19:09:28","date_gmt":"2016-10-17T17:09:28","guid":{"rendered":"https:\/\/flaskman.gymgmunden.at\/?page_id=200"},"modified":"2018-11-11T12:37:43","modified_gmt":"2018-11-11T11:37:43","slug":"chemische-reaktion","status":"publish","type":"page","link":"https:\/\/flaskman.gymgmunden.at\/index.php\/chemische-reaktion\/","title":{"rendered":"Chemische Reaktion"},"content":{"rendered":"<p><em>Bei einer chemischen Reaktion werden Bindungen gel\u00f6st und neu gekn\u00fcpft.<\/em><\/p>\n<p><em>Aus Edukten (Ausgangsstoffen) entstehen Produkte (Endstoffe), diese besitzen neue Eigenschaften. Jede chemische Reaktion ist mit einem <strong>Energieumsatz<\/strong> verbunden.<\/em><\/p>\n<h3>Die Reaktionsenthalpie &#8211; \u0394H<\/h3>\n<p>Die Reaktionsenthalpie \u0394H gibt den Energieumsatz bei einer chemischen Reaktion an, wenn bei konstantem Druck gearbeitet wird.<\/p>\n<ul>\n<li><strong>Endotherme Reaktion<\/strong> &#8211; Energie muss zugef\u00fchrt werden<\/li>\n<li><strong>Exotherme Reaktion<\/strong> &#8211; Energie wird frei<\/li>\n<\/ul>\n<h4>Der Satz von Hess<\/h4>\n<p>Der Satz von Hess (Chemiker, Schweiz\/Russland) dient der Berechnung von Enthalpie\u00e4nderungen bei chemischen Reaktionen.<\/p>\n<p><em>Die Reaktionsenthalpie ist unabh\u00e4ngig vom Reaktionsweg und nur vom Ausgangs- und Endzustand des Systems abh\u00e4ngig.<\/em><\/p>\n<p>Beispiel: Verbrennung von Graphit<\/p>\n<p>Graphit kann direkt zu Kohlenstoffdioxid verbrannt werden (1) oder indirekt \u00fcber die Zwischenstufe Kohlenstoffmonoxid (2), (3). Die Gesamtreaktionsenthalpie \u0394H ist in beiden F\u00e4llen gleich:<\/p>\n<p><img loading=\"lazy\" decoding=\"async\" class=\"aligncenter wp-image-204 size-large\" src=\"https:\/\/flaskman.gymgmunden.at\/wp-content\/uploads\/2016\/10\/Capture-2-1024x344.png\" alt=\"capture\" width=\"840\" height=\"282\" srcset=\"https:\/\/flaskman.gymgmunden.at\/wp-content\/uploads\/2016\/10\/Capture-2-1024x344.png 1024w, https:\/\/flaskman.gymgmunden.at\/wp-content\/uploads\/2016\/10\/Capture-2-300x101.png 300w, https:\/\/flaskman.gymgmunden.at\/wp-content\/uploads\/2016\/10\/Capture-2-768x258.png 768w, https:\/\/flaskman.gymgmunden.at\/wp-content\/uploads\/2016\/10\/Capture-2-1200x404.png 1200w, https:\/\/flaskman.gymgmunden.at\/wp-content\/uploads\/2016\/10\/Capture-2.png 1632w\" sizes=\"auto, (max-width: 840px) 100vw, 840px\" \/><\/p>\n<p>Im Umkehrschluss bedeutet das, dass man f\u00fcr jede Verbindung eine Reaktion aufstellen kann, wie sie aus den Elementen (bei Standardbedingungen: 25\u00b0C, 1bar) gebildet wird. Tabelliert man diese Werte (Standardbildungsenthalpien \u0394H<sup>0<\/sup><sub>B<\/sub>, so kann man die Reaktionsenthalpie \u0394H f\u00fcr jede beliebige Reaktion berechnen.<\/p>\n<p><img loading=\"lazy\" decoding=\"async\" class=\"aligncenter size-large wp-image-207\" src=\"https:\/\/flaskman.gymgmunden.at\/wp-content\/uploads\/2016\/10\/Capture-3-1024x124.png\" alt=\"capture\" width=\"840\" height=\"102\" srcset=\"https:\/\/flaskman.gymgmunden.at\/wp-content\/uploads\/2016\/10\/Capture-3-1024x124.png 1024w, https:\/\/flaskman.gymgmunden.at\/wp-content\/uploads\/2016\/10\/Capture-3-300x36.png 300w, https:\/\/flaskman.gymgmunden.at\/wp-content\/uploads\/2016\/10\/Capture-3-768x93.png 768w, https:\/\/flaskman.gymgmunden.at\/wp-content\/uploads\/2016\/10\/Capture-3-1200x145.png 1200w, https:\/\/flaskman.gymgmunden.at\/wp-content\/uploads\/2016\/10\/Capture-3.png 1328w\" sizes=\"auto, (max-width: 840px) 100vw, 840px\" \/><\/p>\n<h5><strong>Beispiel<\/strong><\/h5>\n<p>Gegeben ist die Oxidation von Ethanol mit Sauerstoff zu Kohlenstoffdioxid und Wasser. Berechne die Reaktionsenthalpie mit Hilfe der Standardbildungsenthalpien. Ist die Reaktion endotherm oder exotherm?<\/p>\n<p>Berechne die Reaktionsenthalpie f\u00fcr folgende Reaktionen<br \/>\n(1) Verbrennung von Methan<br \/>\n(2) H<sub>2<\/sub> + Cl<sub>2<\/sub> \u2192 2 HCl<br \/>\n(3) CH<sub>4<\/sub> + H<sub>2<\/sub>O<sub>(g)<\/sub> \u2192 CO + 3 H<sub>2<\/sub><\/p>\n<h3>Die Reaktionsgleichung<\/h3>\n<p>Die Reaktionsgleichung ist die Beschreibung einer chemischen Reaktion in der Formelsprache.<\/p>\n<p><strong>Art und Anzahl der beteiligten Atome sind jedenfalls vor und nach der Reaktion gleich, da die Masse erhalten bleibt.<\/strong><\/p>\n<h5>Beispiele<\/h5>\n<p>Ermittle die Reaktionsgleichung f\u00fcr die Verbrennung von Benzen (C<sub>6<\/sub>H<sub>6<\/sub>) mit Sauerstoff zu Kohlendioxid und Wasser.<\/p>\n<p>Arsensulfid reagiert mit Salpeters\u00e4ure und Wasser zu Arsens\u00e4ure, Schwefels\u00e4ure und Stickstoffmonoxid. Ermittle die zugeh\u00f6rigen Koeffizienten mit Hilfe von Gleichungen.<br \/>\nAs<sub>2<\/sub>S<sub>3<\/sub> + HNO<sub>3<\/sub> + H<sub>2<\/sub>O = H<sub>3<\/sub>AsO<sub>4<\/sub> + H<sub>2<\/sub>SO<sub>4<\/sub> + NO (<em>L\u00f6sung: 3, 28, 4, 6, 9, 28)<\/em><\/p>\n<p><strong>Stimme folgende Reaktionsgleichungen ab<\/strong><\/p>\n<p>(1) Al + Cl<sub>2<\/sub> \u2192 AlCl<sub>3<\/sub><br \/>\n(2) C<sub>3<\/sub>H<sub>8<\/sub> \u2192 C<sub>2<\/sub> + H<sub>2<\/sub>O<br \/>\n(3) Na + O<sub>2<\/sub> \u2192 Na<sub>2<\/sub>O<br \/>\n(4) Mg + I<sub>2<\/sub> \u2192 MgI<sub>2<\/sub><br \/>\n(5) CuO + Fe \u2192 FeO + Cu<br \/>\n(6) C<sub>8<\/sub>H<sub>18<\/sub> + O<sub>2<\/sub> \u2192 CO<sub>2<\/sub> H<sub>2<\/sub>O<br \/>\n(7) C<sub>5<\/sub>H<sub>10<\/sub> + O<sub>2<\/sub> \u2192 CO<sub>2<\/sub> H<sub>2<\/sub>O<br \/>\n(8) C<sub>7<\/sub>H<sub>16<\/sub> + O<sub>2<\/sub> \u2192 CO<sub>2<\/sub> H<sub>2<\/sub>O<br \/>\n(9) C<sub>2<\/sub>H<sub>6<\/sub>O + O<sub>2<\/sub> \u2192 CO<sub>2<\/sub> H<sub>2<\/sub>O<br \/>\n(10) FeS<sub>2<\/sub> + O<sub>2<\/sub> \u2192 Fe<sub>2<\/sub>O<sub>3<\/sub> + SO<sub>2<\/sub><\/p>\n<p><strong>Schreibe folgende Reaktionsgleichungen an<\/strong><\/p>\n<p>(1) Bildung von Eisen(III)-oxid aus den Elementen<br \/>\n(2) Verbrennung (=Reaktion mit Sauerstoff) von Aluminium<br \/>\n(3) Kupfer(II)-oxid reagiert mit Wasserstoff zu einem Metall und einer bekannten Molek\u00fclverbindung<br \/>\n(4) Magnesium reagiert mit Salzs\u00e4ure zu einem Salz und einem brennbaren Gas<br \/>\n(5) Natrium reagiert mit Wasser<br \/>\n(6) Schwefeldioxid reagiert mit Sauerstoff zu Schwefeltrioxid<br \/>\n(7) Zerlegung von Wasser in die Elemente<\/p>\n<p>Beachte &#8211;\u00a0<strong>Bei einer chemischen Reaktion m\u00fcssen auch die Ladungen vor und nach der Reaktion \u00fcbereinstimmen.<\/strong><\/p>\n<p><img loading=\"lazy\" decoding=\"async\" class=\"aligncenter size-large wp-image-212\" src=\"https:\/\/flaskman.gymgmunden.at\/wp-content\/uploads\/2016\/10\/Capture1-1024x345.png\" alt=\"capture1\" width=\"840\" height=\"283\" srcset=\"https:\/\/flaskman.gymgmunden.at\/wp-content\/uploads\/2016\/10\/Capture1-1024x345.png 1024w, https:\/\/flaskman.gymgmunden.at\/wp-content\/uploads\/2016\/10\/Capture1-300x101.png 300w, https:\/\/flaskman.gymgmunden.at\/wp-content\/uploads\/2016\/10\/Capture1-768x259.png 768w, https:\/\/flaskman.gymgmunden.at\/wp-content\/uploads\/2016\/10\/Capture1.png 1155w\" sizes=\"auto, (max-width: 840px) 100vw, 840px\" \/><\/p>\n<p>Stimme die folgenden Reaktionsgleichungen ab<br \/>\n(1) Ba<sub>3<\/sub>N<sub>2<\/sub> + H<sub>2<\/sub>O \u2192 Ba(OH)<sub>2<\/sub> + NH<sub>3<\/sub><br \/>\n(2) Cu + NO<sub>3<\/sub><sup>&#8211;<\/sup> + H<sup>+<\/sup> \u2192 Cu<sup>2+<\/sup> + NO + H<sup>2<\/sup><br \/>\n(3) Cr<sub>2<\/sub>O<sub>7<\/sub><sup>2-<\/sup> + H<sub>2<\/sub>O + H<sup>+<\/sup> \u2192 Cr<sup>3+<\/sup> + S + H<sub>2<\/sub>O<\/p>\n<p>Um Reaktionsenthalpien berechnen zu k\u00f6nnen, m\u00fcssen also die korrekten Reaktionsgleichungen ermittelt werden.<\/p>\n<h5>Beispiel<\/h5>\n<p>Womit kann man weiter Auto fahren? Mit 1 Liter Octan (C<sub>8<\/sub>H<sub>18<\/sub>) oder 1 Liter Ethanol (C<sub>2<\/sub>H<sub>5<\/sub>OH) als Treibstoff? Begr\u00fcnde durch Rechnung.<br \/>\n\u03c1(Octan) = 0.698 g\/cm<sup>3<\/sup>, \u03c1(Ethanol) = 0.785 g\/cm<sup>3<\/sup>, \u0394H<sup>0<\/sup>(Octan) = -208 KJ\/mol, \u0394H<sup>0<\/sup>(Ethanol) = -235 KJ\/mol, \u0394H<sup>0<\/sup>(CO<sub>2<\/sub>) = -393 KJ\/mol, \u0394H<sup>0<\/sup>(H<sub>2<\/sub>O) = -242 KJ\/mol<\/p>\n","protected":false},"excerpt":{"rendered":"<p>Bei einer chemischen Reaktion werden Bindungen gel\u00f6st und neu gekn\u00fcpft. Aus Edukten (Ausgangsstoffen) entstehen Produkte (Endstoffe), diese besitzen neue Eigenschaften. Jede chemische Reaktion ist mit einem Energieumsatz verbunden. Die Reaktionsenthalpie &#8211; \u0394H Die Reaktionsenthalpie \u0394H gibt den Energieumsatz bei einer chemischen Reaktion an, wenn bei konstantem Druck gearbeitet wird. Endotherme Reaktion &#8211; Energie muss zugef\u00fchrt [&hellip;]<\/p>\n","protected":false},"author":3,"featured_media":0,"parent":0,"menu_order":0,"comment_status":"closed","ping_status":"closed","template":"","meta":{"footnotes":""},"class_list":["post-200","page","type-page","status-publish","hentry"],"_links":{"self":[{"href":"https:\/\/flaskman.gymgmunden.at\/index.php\/wp-json\/wp\/v2\/pages\/200","targetHints":{"allow":["GET"]}}],"collection":[{"href":"https:\/\/flaskman.gymgmunden.at\/index.php\/wp-json\/wp\/v2\/pages"}],"about":[{"href":"https:\/\/flaskman.gymgmunden.at\/index.php\/wp-json\/wp\/v2\/types\/page"}],"author":[{"embeddable":true,"href":"https:\/\/flaskman.gymgmunden.at\/index.php\/wp-json\/wp\/v2\/users\/3"}],"replies":[{"embeddable":true,"href":"https:\/\/flaskman.gymgmunden.at\/index.php\/wp-json\/wp\/v2\/comments?post=200"}],"version-history":[{"count":13,"href":"https:\/\/flaskman.gymgmunden.at\/index.php\/wp-json\/wp\/v2\/pages\/200\/revisions"}],"predecessor-version":[{"id":218,"href":"https:\/\/flaskman.gymgmunden.at\/index.php\/wp-json\/wp\/v2\/pages\/200\/revisions\/218"}],"wp:attachment":[{"href":"https:\/\/flaskman.gymgmunden.at\/index.php\/wp-json\/wp\/v2\/media?parent=200"}],"curies":[{"name":"wp","href":"https:\/\/api.w.org\/{rel}","templated":true}]}}