{"id":297,"date":"2016-11-14T21:50:16","date_gmt":"2016-11-14T20:50:16","guid":{"rendered":"https:\/\/flaskman.gymgmunden.at\/?page_id=297"},"modified":"2016-11-21T20:28:16","modified_gmt":"2016-11-21T19:28:16","slug":"organische-chemie-nomenklatur","status":"publish","type":"page","link":"https:\/\/flaskman.gymgmunden.at\/index.php\/chemieolympiade\/organische-chemie-nomenklatur\/","title":{"rendered":"Organische Chemie &#8211; Nomenklatur"},"content":{"rendered":"<p><em>Die organische Nomenklatur ist eine gewachsene Bezeichnungsmethodik f\u00fcr organisch chemische Verbindungen. Es gibt au\u00dfer der IUPAC Nomenklatur auch noch andere Systeme, am bekanntesten ist das CAS System, auf die bei der Publikation von chemischen Artikeln zur\u00fcckgegriffen wird. Von besonderer Bedeutung ist, dass die Nomenklatur auch noch sprachabh\u00e4ngig ist, die Bedeutung der englischen Sprache auch in der Nomenklatur ist in der Chemie nat\u00fcrlich von wachsender Bedeutung.<\/em><\/p>\n<p>Die Nomenklatur ist eine eigene Wissenschaft. Um einen Eindruck \u00fcber die Vielfalt der Benennungsregeln zu gewinnen, wirft einen Blick auf den <a href=\"https:\/\/www.uibk.ac.at\/organic\/de\/people\/nomenklatur-call-ss07.pdf\">Leitfaden f\u00fcr organische Nomenklatur der Universit\u00e4t Innsbruck<\/a>.<\/p>\n<h3>Unverzweigte Kohlenwasserstoffe<\/h3>\n<table>\n<tbody>\n<tr>\n<td><strong>Pr\u00e4fix<\/strong><\/td>\n<td colspan=\"2\"><strong>Stamm-<\/strong><\/td>\n<td><strong>-(Lokant)-<\/strong><\/td>\n<td><strong>-Suffix<\/strong><\/td>\n<\/tr>\n<tr>\n<td>Nur bei Ringen<\/td>\n<td colspan=\"2\">Anzahl der C-Atome<\/td>\n<td>Stellung der (Mehrfach)bindung<\/td>\n<td>zeigt Mehrfachbindungen an<\/td>\n<\/tr>\n<tr>\n<td rowspan=\"10\">Cyclo<\/td>\n<td>Meth-<\/td>\n<td width=\"10%\">1 C<\/td>\n<td><\/td>\n<td rowspan=\"10\"><strong>-an<\/strong><br \/>\n(nur Einfach-bindungen)<strong><br \/>\n-en<\/strong><br \/>\n(eine Doppel-bindung)<br \/>\n<strong>-adien<\/strong><br \/>\n(2 Doppel-bindungen)<br \/>\n<strong>-atrien<\/strong><br \/>\n(3 Doppel-bindungen)<br \/>\n<strong>-in<\/strong><br \/>\n(eine Dreifach-bindungen)<br \/>\n<strong>-diin<\/strong><br \/>\n(zwei Dreifach-bindungen)<br \/>\nusw.<\/td>\n<\/tr>\n<tr>\n<td>Eth-<\/td>\n<td>2 C<\/td>\n<td><\/td>\n<\/tr>\n<tr>\n<td>Prop-<\/td>\n<td>3 C<\/td>\n<td><\/td>\n<\/tr>\n<tr>\n<td>But-<\/td>\n<td>4 C<\/td>\n<td><\/td>\n<\/tr>\n<tr>\n<td>Pent-<\/td>\n<td>5 C<\/td>\n<td><\/td>\n<\/tr>\n<tr>\n<td>Hex-<\/td>\n<td>6 C<\/td>\n<td><\/td>\n<\/tr>\n<tr>\n<td>Hept-<\/td>\n<td>7 C<\/td>\n<td><\/td>\n<\/tr>\n<tr>\n<td>Oct-<\/td>\n<td>8 C<\/td>\n<td><\/td>\n<\/tr>\n<tr>\n<td>Non-<\/td>\n<td>9 C<\/td>\n<td><\/td>\n<\/tr>\n<tr>\n<td>Dec-<\/td>\n<td>10 C<\/td>\n<td><\/td>\n<\/tr>\n<\/tbody>\n<\/table>\n<h3>Wichtige Stoffklassen mit Sauerstoff und Stickstoff<\/h3>\n<p><a href=\"https:\/\/flaskman.gymgmunden.at\/wp-content\/uploads\/2016\/11\/Nomenklatur4.png\"><img loading=\"lazy\" decoding=\"async\" class=\"aligncenter size-large wp-image-323\" src=\"https:\/\/flaskman.gymgmunden.at\/wp-content\/uploads\/2016\/11\/Nomenklatur4-1024x576.png\" alt=\"nomenklatur4\" width=\"840\" height=\"473\" srcset=\"https:\/\/flaskman.gymgmunden.at\/wp-content\/uploads\/2016\/11\/Nomenklatur4-1024x576.png 1024w, https:\/\/flaskman.gymgmunden.at\/wp-content\/uploads\/2016\/11\/Nomenklatur4-300x169.png 300w, https:\/\/flaskman.gymgmunden.at\/wp-content\/uploads\/2016\/11\/Nomenklatur4-768x432.png 768w, https:\/\/flaskman.gymgmunden.at\/wp-content\/uploads\/2016\/11\/Nomenklatur4-1200x675.png 1200w, https:\/\/flaskman.gymgmunden.at\/wp-content\/uploads\/2016\/11\/Nomenklatur4.png 1680w\" sizes=\"auto, (max-width: 840px) 100vw, 840px\" \/><\/a><\/p>\n<h3>\u00dcbungen zur organischen Nomenklatur<\/h3>\n<ul>\n<li><a href=\"https:\/\/flaskman.gymgmunden.at\/wp-content\/uploads\/2016\/11\/Nomenklatur-1.png\">\u00dcbungsblatt 1<\/a>\u00a0(<a href=\"https:\/\/flaskman.gymgmunden.at\/wp-content\/uploads\/2016\/11\/Nomenklatur-1-L.png\">L\u00f6sung 1<\/a>)<\/li>\n<li><a href=\"https:\/\/flaskman.gymgmunden.at\/wp-content\/uploads\/2016\/11\/Nomenklatur-2.png\">\u00dcbungsblatt 2<\/a>\u00a0(<a href=\"https:\/\/flaskman.gymgmunden.at\/wp-content\/uploads\/2016\/11\/Nomenklatur-2-L.png\">L\u00f6sung 2<\/a>)<\/li>\n<li><a href=\"https:\/\/flaskman.gymgmunden.at\/wp-content\/uploads\/2016\/11\/Nomenklatur-3.png\">\u00dcbungsblatt 3<\/a> (<a href=\"https:\/\/flaskman.gymgmunden.at\/wp-content\/uploads\/2016\/11\/Nomenklatur-3-L.png\">L\u00f6sung 3<\/a>)<\/li>\n<li><a href=\"https:\/\/flaskman.gymgmunden.at\/wp-content\/uploads\/2016\/11\/Nomenklatur5.png\">\u00dcbungsblatt 4<\/a> (<a href=\"https:\/\/flaskman.gymgmunden.at\/wp-content\/uploads\/2016\/11\/Nomenklatur5.png\">L\u00f6sung 4<\/a>)<\/li>\n<\/ul>\n","protected":false},"excerpt":{"rendered":"<p>Die organische Nomenklatur ist eine gewachsene Bezeichnungsmethodik f\u00fcr organisch chemische Verbindungen. Es gibt au\u00dfer der IUPAC Nomenklatur auch noch andere Systeme, am bekanntesten ist das CAS System, auf die bei der Publikation von chemischen Artikeln zur\u00fcckgegriffen wird. Von besonderer Bedeutung ist, dass die Nomenklatur auch noch sprachabh\u00e4ngig ist, die Bedeutung der englischen Sprache auch in [&hellip;]<\/p>\n","protected":false},"author":3,"featured_media":0,"parent":103,"menu_order":0,"comment_status":"closed","ping_status":"closed","template":"","meta":{"footnotes":""},"class_list":["post-297","page","type-page","status-publish","hentry"],"_links":{"self":[{"href":"https:\/\/flaskman.gymgmunden.at\/index.php\/wp-json\/wp\/v2\/pages\/297","targetHints":{"allow":["GET"]}}],"collection":[{"href":"https:\/\/flaskman.gymgmunden.at\/index.php\/wp-json\/wp\/v2\/pages"}],"about":[{"href":"https:\/\/flaskman.gymgmunden.at\/index.php\/wp-json\/wp\/v2\/types\/page"}],"author":[{"embeddable":true,"href":"https:\/\/flaskman.gymgmunden.at\/index.php\/wp-json\/wp\/v2\/users\/3"}],"replies":[{"embeddable":true,"href":"https:\/\/flaskman.gymgmunden.at\/index.php\/wp-json\/wp\/v2\/comments?post=297"}],"version-history":[{"count":11,"href":"https:\/\/flaskman.gymgmunden.at\/index.php\/wp-json\/wp\/v2\/pages\/297\/revisions"}],"predecessor-version":[{"id":326,"href":"https:\/\/flaskman.gymgmunden.at\/index.php\/wp-json\/wp\/v2\/pages\/297\/revisions\/326"}],"up":[{"embeddable":true,"href":"https:\/\/flaskman.gymgmunden.at\/index.php\/wp-json\/wp\/v2\/pages\/103"}],"wp:attachment":[{"href":"https:\/\/flaskman.gymgmunden.at\/index.php\/wp-json\/wp\/v2\/media?parent=297"}],"curies":[{"name":"wp","href":"https:\/\/api.w.org\/{rel}","templated":true}]}}