{"id":454,"date":"2017-01-23T19:48:31","date_gmt":"2017-01-23T18:48:31","guid":{"rendered":"https:\/\/flaskman.gymgmunden.at\/?page_id=454"},"modified":"2017-02-02T16:24:09","modified_gmt":"2017-02-02T15:24:09","slug":"schiessbaumwolle","status":"publish","type":"page","link":"https:\/\/flaskman.gymgmunden.at\/index.php\/chemieolympiade\/schiessbaumwolle\/","title":{"rendered":"Schie\u00dfbaumwolle"},"content":{"rendered":"<h3>Chemikalien<\/h3>\n<ul>\n<li>17 ml Salpeters\u00e4ure, konz. (HNO<sub>3<\/sub>)<\/li>\n<li>20 ml Schwefels\u00e4ure, konz. (H<sub>2<\/sub>SO<sub>4<\/sub>)<\/li>\n<li>1.5 g Watte<\/li>\n<\/ul>\n<h3>Ger\u00e4te<\/h3>\n<ul>\n<li>Gro\u00dfes Becherglas 2 000 ml f\u00fcr die K\u00fchlung<\/li>\n<li>Becherglas 200 ml f\u00fcr die Nitriers\u00e4ure<\/li>\n<li>Stativ<\/li>\n<li>Glasst\u00e4be zum Kneten der Watte<\/li>\n<li>Sieb zum Auswaschen der nitrierten Watte<\/li>\n<li>Eis zum K\u00fchlen<\/li>\n<\/ul>\n<h3>Durchf\u00fchrung<\/h3>\n<p>Unter Eis- (oder Schnee-)k\u00fchlung wird die Nitriers\u00e4ure durch vorsichtiges Zutropfen von konz. Schwefels\u00e4ure in konz. Salpeters\u00e4ure dargestellt.\u00a0Die Nitriers\u00e4ure\u00a0darf\u00a0nicht \u00a0hei\u00df werden, K\u00fchlung im Auge behalten.<\/p>\n<p>Etwa 10 Minuten wird die Watte mit Hilfe des Glasstabes in der gek\u00fchlten Nitriers\u00e4ure geknetet, danach mit Wasser gesp\u00fclt und sorgf\u00e4ltig getrocknet.<\/p>\n<p>Anschlie\u00dfend Watte locker zupfen und\u00a0\u00fcber Nacht (oder l\u00e4nger) trocknen. Die Trocknung muss so stattfinden, dass im Falle einer\u00a0Selbstentz\u00fcndung kein Brand entstehen kann (also im Abzug und\u00a0z.B. in gro\u00dfem, oben offenem Glasgef\u00e4\u00df)<\/p>\n<p>Die so pr\u00e4parierte Schie\u00dfbaumwolle kann nun in kleinen Teilen auf die ge\u00f6ffnete Handfl\u00e4che gelegt und angez\u00fcndet werden;<\/p>\n<p>Die nitrierte Baumwolle verbrennt schlagartig ohne sp\u00fcrbare W\u00e4rmeentwicklung.<\/p>\n<h3>Erkl\u00e4rung<\/h3>\n<p>Die nitrierte Baumwolle verbrennt so schlagartig, da sich Brennstoff (Kohlenhydrat) und Brandbeschleuniger (Nitrat) direkt in einem Molek\u00fcl befinden.<\/p>\n<p><a href=\"https:\/\/flaskman.gymgmunden.at\/wp-content\/uploads\/2017\/01\/schiessbaumwolle.png\"><img loading=\"lazy\" decoding=\"async\" class=\"aligncenter size-medium wp-image-460\" src=\"https:\/\/flaskman.gymgmunden.at\/wp-content\/uploads\/2017\/01\/schiessbaumwolle-300x114.png\" alt=\"\" width=\"300\" height=\"114\" srcset=\"https:\/\/flaskman.gymgmunden.at\/wp-content\/uploads\/2017\/01\/schiessbaumwolle-300x114.png 300w, https:\/\/flaskman.gymgmunden.at\/wp-content\/uploads\/2017\/01\/schiessbaumwolle-768x291.png 768w, https:\/\/flaskman.gymgmunden.at\/wp-content\/uploads\/2017\/01\/schiessbaumwolle-1024x388.png 1024w, https:\/\/flaskman.gymgmunden.at\/wp-content\/uploads\/2017\/01\/schiessbaumwolle-816x309.png 816w, https:\/\/flaskman.gymgmunden.at\/wp-content\/uploads\/2017\/01\/schiessbaumwolle.png 1363w\" sizes=\"auto, (max-width: 300px) 100vw, 300px\" \/><\/a><br \/>\nBei der exothermen Verbrennung entstehen gro\u00dfe Mengen an Gas: N<sub>2<\/sub>, NO<sub>x<\/sub> , CO und CO<sub>2<\/sub>. Die Abk\u00fchlung durch die Volumszunahme kompensiert die Erw\u00e4rmung durch die frei werdende Energie. Deshalb kann Schie\u00dfbaumwolle auf der Handfl\u00e4che ohne Verbrennungsgefahr entz\u00fcndet werden.<\/p>\n","protected":false},"excerpt":{"rendered":"<p>Chemikalien 17 ml Salpeters\u00e4ure, konz. (HNO3) 20 ml Schwefels\u00e4ure, konz. (H2SO4) 1.5 g Watte Ger\u00e4te Gro\u00dfes Becherglas 2 000 ml f\u00fcr die K\u00fchlung Becherglas 200 ml f\u00fcr die Nitriers\u00e4ure Stativ Glasst\u00e4be zum Kneten der Watte Sieb zum Auswaschen der nitrierten Watte Eis zum K\u00fchlen Durchf\u00fchrung Unter Eis- (oder Schnee-)k\u00fchlung wird die Nitriers\u00e4ure durch vorsichtiges Zutropfen [&hellip;]<\/p>\n","protected":false},"author":3,"featured_media":0,"parent":103,"menu_order":0,"comment_status":"closed","ping_status":"closed","template":"","meta":{"footnotes":""},"class_list":["post-454","page","type-page","status-publish","hentry"],"_links":{"self":[{"href":"https:\/\/flaskman.gymgmunden.at\/index.php\/wp-json\/wp\/v2\/pages\/454","targetHints":{"allow":["GET"]}}],"collection":[{"href":"https:\/\/flaskman.gymgmunden.at\/index.php\/wp-json\/wp\/v2\/pages"}],"about":[{"href":"https:\/\/flaskman.gymgmunden.at\/index.php\/wp-json\/wp\/v2\/types\/page"}],"author":[{"embeddable":true,"href":"https:\/\/flaskman.gymgmunden.at\/index.php\/wp-json\/wp\/v2\/users\/3"}],"replies":[{"embeddable":true,"href":"https:\/\/flaskman.gymgmunden.at\/index.php\/wp-json\/wp\/v2\/comments?post=454"}],"version-history":[{"count":5,"href":"https:\/\/flaskman.gymgmunden.at\/index.php\/wp-json\/wp\/v2\/pages\/454\/revisions"}],"predecessor-version":[{"id":484,"href":"https:\/\/flaskman.gymgmunden.at\/index.php\/wp-json\/wp\/v2\/pages\/454\/revisions\/484"}],"up":[{"embeddable":true,"href":"https:\/\/flaskman.gymgmunden.at\/index.php\/wp-json\/wp\/v2\/pages\/103"}],"wp:attachment":[{"href":"https:\/\/flaskman.gymgmunden.at\/index.php\/wp-json\/wp\/v2\/media?parent=454"}],"curies":[{"name":"wp","href":"https:\/\/api.w.org\/{rel}","templated":true}]}}