{"id":658,"date":"2017-03-27T19:14:15","date_gmt":"2017-03-27T17:14:15","guid":{"rendered":"https:\/\/flaskman.gymgmunden.at\/?page_id=658"},"modified":"2017-04-20T18:44:25","modified_gmt":"2017-04-20T16:44:25","slug":"manganometrie","status":"publish","type":"page","link":"https:\/\/flaskman.gymgmunden.at\/index.php\/chemieolympiade\/manganometrie\/","title":{"rendered":"Manganometrie"},"content":{"rendered":"<p>Mit Hilfe der Manganometrie kann man durch (sog. Redox-)<strong>Titration\u00a0<\/strong>die\u00a0<strong>Konzentration\u00a0<\/strong>reduzierender Substanzen bestimmen.<\/p>\n<p>Die Bestimmung des Endpunktes der Titration ist einfach, da Permanganat stark gef\u00e4rbt ist und bei Reduktion in eine farblose L\u00f6sung \u00fcbergeht. Es ist daher kein Indikator notwendig, der Endpunkt der Titration ist erreicht, wenn die Violettf\u00e4rbung in der L\u00f6sung nicht mehr verschwindet.<\/p>\n<h3>Bestimmung von Fe<sup>2+<\/sup> in einer Fe(II)-sulfatl\u00f6sung unbekannter Konzentration<\/h3>\n<h4>Verwendete Ger\u00e4te<\/h4>\n<p>B\u00fcrette, Pipette (10 ml), Titrierkolben<\/p>\n<h4>Verwendete Chemikalien<\/h4>\n<ul>\n<li>KMnO<sub>4<\/sub> (0.2 mol\/l)<\/li>\n<li>FeSO<sub>4<\/sub> (Konz. unbek.)<\/li>\n<li>Schwefels\u00e4ure: H<sub>2<\/sub>SO<sub>4<\/sub>, konz.<\/li>\n<\/ul>\n<h4>Durchf\u00fchrung<\/h4>\n<h5>Herstellung der Permanganatl\u00f6sung<\/h5>\n<p><img loading=\"lazy\" decoding=\"async\" class=\"aligncenter size-large wp-image-674\" src=\"https:\/\/flaskman.gymgmunden.at\/wp-content\/uploads\/2017\/03\/redox-manganometrie-2-1024x171.png\" alt=\"\" width=\"616\" height=\"103\" srcset=\"https:\/\/flaskman.gymgmunden.at\/wp-content\/uploads\/2017\/03\/redox-manganometrie-2-1024x171.png 1024w, https:\/\/flaskman.gymgmunden.at\/wp-content\/uploads\/2017\/03\/redox-manganometrie-2-300x50.png 300w, https:\/\/flaskman.gymgmunden.at\/wp-content\/uploads\/2017\/03\/redox-manganometrie-2-768x128.png 768w, https:\/\/flaskman.gymgmunden.at\/wp-content\/uploads\/2017\/03\/redox-manganometrie-2-816x136.png 816w, https:\/\/flaskman.gymgmunden.at\/wp-content\/uploads\/2017\/03\/redox-manganometrie-2.png 1831w\" sizes=\"auto, (max-width: 616px) 100vw, 616px\" \/>3.16 g KMnO<sub>4<\/sub> werden in einen Ma\u00dfkolben eingewogen in 100 ml Wasser gel\u00f6st.<\/p>\n<p>10 ml Eisensulfatl\u00f6sung (Konzentration unbekannt &#8211; eingewogen wurden etwa 2,9 FeSO<sub>4<\/sub> . 7 H<sub>2<\/sub>O in ca. 100 ml Wasser) in den Titrierkolben geben und langsam (unter Sch\u00fctteln)\u00a01 ml konzentrierte Schwefels\u00e4ure zuf\u00fcgen.<\/p>\n<p>Die B\u00fcrette wird mit KMnO<sub>4<\/sub>-L\u00f6sung gef\u00fcllt. Nun wird bis zu einer schwachen Rosaf\u00e4rbung titriert.<br \/>\n<iframe loading=\"lazy\" src=\"https:\/\/www.youtube.com\/embed\/jJhkpFcJaOY\" width=\"560\" height=\"315\" frameborder=\"0\" allowfullscreen=\"allowfullscreen\"><\/iframe><br \/>\nDie Titration wurde 2x durchgef\u00fchrt, der \u00c4quivalenzpunkt war bei 3.2 ml Permanganatl\u00f6sung erreicht.<\/p>\n<h4>Aufgaben<\/h4>\n<ol>\n<li><strong>Stelle die Redoxgleichung f\u00fcr die Oxidation von Fe(II) zu Fe(III) mit Hilfe von KMnO<sub>4<\/sub>-L\u00f6sung auf.<\/strong><br \/>\nAntwort:<br \/>\n<img loading=\"lazy\" decoding=\"async\" class=\"aligncenter size-large wp-image-673\" src=\"https:\/\/flaskman.gymgmunden.at\/wp-content\/uploads\/2017\/03\/redox-manganometrie-1024x213.png\" alt=\"\" width=\"616\" height=\"128\" srcset=\"https:\/\/flaskman.gymgmunden.at\/wp-content\/uploads\/2017\/03\/redox-manganometrie-1024x213.png 1024w, https:\/\/flaskman.gymgmunden.at\/wp-content\/uploads\/2017\/03\/redox-manganometrie-300x63.png 300w, https:\/\/flaskman.gymgmunden.at\/wp-content\/uploads\/2017\/03\/redox-manganometrie-768x160.png 768w, https:\/\/flaskman.gymgmunden.at\/wp-content\/uploads\/2017\/03\/redox-manganometrie-816x170.png 816w, https:\/\/flaskman.gymgmunden.at\/wp-content\/uploads\/2017\/03\/redox-manganometrie.png 1632w\" sizes=\"auto, (max-width: 616px) 100vw, 616px\" \/><\/li>\n<li><strong>Berechne die Konzentration der Fe(II)-Ionen in der L\u00f6sung unbekannter Konzentration.<\/strong><br \/>\nAntwort:<br \/>\n<img loading=\"lazy\" decoding=\"async\" class=\"aligncenter size-large wp-image-675\" src=\"https:\/\/flaskman.gymgmunden.at\/wp-content\/uploads\/2017\/03\/redox-manganometrie-3-1024x669.png\" alt=\"\" width=\"616\" height=\"402\" srcset=\"https:\/\/flaskman.gymgmunden.at\/wp-content\/uploads\/2017\/03\/redox-manganometrie-3-1024x669.png 1024w, https:\/\/flaskman.gymgmunden.at\/wp-content\/uploads\/2017\/03\/redox-manganometrie-3-300x196.png 300w, https:\/\/flaskman.gymgmunden.at\/wp-content\/uploads\/2017\/03\/redox-manganometrie-3-768x502.png 768w, https:\/\/flaskman.gymgmunden.at\/wp-content\/uploads\/2017\/03\/redox-manganometrie-3-816x533.png 816w, https:\/\/flaskman.gymgmunden.at\/wp-content\/uploads\/2017\/03\/redox-manganometrie-3.png 1470w\" sizes=\"auto, (max-width: 616px) 100vw, 616px\" \/><\/li>\n<\/ol>\n<p>&nbsp;<\/p>\n","protected":false},"excerpt":{"rendered":"<p>Mit Hilfe der Manganometrie kann man durch (sog. Redox-)Titration\u00a0die\u00a0Konzentration\u00a0reduzierender Substanzen bestimmen. Die Bestimmung des Endpunktes der Titration ist einfach, da Permanganat stark gef\u00e4rbt ist und bei Reduktion in eine farblose L\u00f6sung \u00fcbergeht. Es ist daher kein Indikator notwendig, der Endpunkt der Titration ist erreicht, wenn die Violettf\u00e4rbung in der L\u00f6sung nicht mehr verschwindet. Bestimmung von [&hellip;]<\/p>\n","protected":false},"author":3,"featured_media":0,"parent":103,"menu_order":0,"comment_status":"closed","ping_status":"closed","template":"","meta":{"footnotes":""},"class_list":["post-658","page","type-page","status-publish","hentry"],"_links":{"self":[{"href":"https:\/\/flaskman.gymgmunden.at\/index.php\/wp-json\/wp\/v2\/pages\/658","targetHints":{"allow":["GET"]}}],"collection":[{"href":"https:\/\/flaskman.gymgmunden.at\/index.php\/wp-json\/wp\/v2\/pages"}],"about":[{"href":"https:\/\/flaskman.gymgmunden.at\/index.php\/wp-json\/wp\/v2\/types\/page"}],"author":[{"embeddable":true,"href":"https:\/\/flaskman.gymgmunden.at\/index.php\/wp-json\/wp\/v2\/users\/3"}],"replies":[{"embeddable":true,"href":"https:\/\/flaskman.gymgmunden.at\/index.php\/wp-json\/wp\/v2\/comments?post=658"}],"version-history":[{"count":6,"href":"https:\/\/flaskman.gymgmunden.at\/index.php\/wp-json\/wp\/v2\/pages\/658\/revisions"}],"predecessor-version":[{"id":677,"href":"https:\/\/flaskman.gymgmunden.at\/index.php\/wp-json\/wp\/v2\/pages\/658\/revisions\/677"}],"up":[{"embeddable":true,"href":"https:\/\/flaskman.gymgmunden.at\/index.php\/wp-json\/wp\/v2\/pages\/103"}],"wp:attachment":[{"href":"https:\/\/flaskman.gymgmunden.at\/index.php\/wp-json\/wp\/v2\/media?parent=658"}],"curies":[{"name":"wp","href":"https:\/\/api.w.org\/{rel}","templated":true}]}}