{"id":811,"date":"2018-10-27T10:48:03","date_gmt":"2018-10-27T08:48:03","guid":{"rendered":"https:\/\/flaskman.gymgmunden.at\/?page_id=811"},"modified":"2018-10-27T13:13:59","modified_gmt":"2018-10-27T11:13:59","slug":"das-mol","status":"publish","type":"page","link":"https:\/\/flaskman.gymgmunden.at\/index.php\/chemisches-rechnen\/das-mol\/","title":{"rendered":"Das Mol"},"content":{"rendered":"<ol>\n<li>Atome sind so klein und so leicht, man kann sie <strong>nicht z\u00e4hlen<\/strong>, man kann sie <strong>nicht w\u00e4gen<\/strong>.<\/li>\n<li>Man kann\u00a0<strong>berechnen<\/strong>, aus wie vielen H-Atomen <strong>ein Gramm Wasserstoff<\/strong> besteht. Nicht einfach, aber es geht.<\/li>\n<\/ol>\n<p><img loading=\"lazy\" decoding=\"async\" class=\"aligncenter wp-image-816 size-full\" src=\"https:\/\/flaskman.gymgmunden.at\/wp-content\/uploads\/2018\/10\/Das-Mol-1.png\" alt=\"\" width=\"1187\" height=\"1187\" \/>\u00dcber Umwege kann berechnen, dass es sich dabei um 6,022 . 10<sup>23<\/sup> Atome handelt. F\u00fcr diese Zahl erfindet man die Bezeichnung\u00a0<strong>Mol<\/strong> und erh\u00e4lt damit wichtige chemische SI-Einheit.<\/p>\n<p style=\"text-align: center;\"><span style=\"color: #125c0d;\"><strong><img loading=\"lazy\" decoding=\"async\" class=\"aligncenter size-full wp-image-829\" src=\"https:\/\/flaskman.gymgmunden.at\/wp-content\/uploads\/2018\/10\/Trenner-1.png\" alt=\"\" width=\"1779\" height=\"55\" srcset=\"https:\/\/flaskman.gymgmunden.at\/wp-content\/uploads\/2018\/10\/Trenner-1.png 1779w, https:\/\/flaskman.gymgmunden.at\/wp-content\/uploads\/2018\/10\/Trenner-1-300x9.png 300w, https:\/\/flaskman.gymgmunden.at\/wp-content\/uploads\/2018\/10\/Trenner-1-768x24.png 768w, https:\/\/flaskman.gymgmunden.at\/wp-content\/uploads\/2018\/10\/Trenner-1-1024x32.png 1024w, https:\/\/flaskman.gymgmunden.at\/wp-content\/uploads\/2018\/10\/Trenner-1-816x25.png 816w\" sizes=\"auto, (max-width: 1779px) 100vw, 1779px\" \/>Ein Gramm Wasserstoffatome besteht aus 6,022 . 10<sup>23<\/sup> Teilchen. Diese Anzahl bezeichnet man als 1 Mol Teilchen. (Abk\u00fcrzung 1 mol)<\/strong><\/span><br \/>\n<img loading=\"lazy\" decoding=\"async\" class=\"aligncenter size-full wp-image-829\" src=\"https:\/\/flaskman.gymgmunden.at\/wp-content\/uploads\/2018\/10\/Trenner-1.png\" alt=\"\" width=\"1779\" height=\"55\" srcset=\"https:\/\/flaskman.gymgmunden.at\/wp-content\/uploads\/2018\/10\/Trenner-1.png 1779w, https:\/\/flaskman.gymgmunden.at\/wp-content\/uploads\/2018\/10\/Trenner-1-300x9.png 300w, https:\/\/flaskman.gymgmunden.at\/wp-content\/uploads\/2018\/10\/Trenner-1-768x24.png 768w, https:\/\/flaskman.gymgmunden.at\/wp-content\/uploads\/2018\/10\/Trenner-1-1024x32.png 1024w, https:\/\/flaskman.gymgmunden.at\/wp-content\/uploads\/2018\/10\/Trenner-1-816x25.png 816w\" sizes=\"auto, (max-width: 1779px) 100vw, 1779px\" \/>1 mol Wasserstoffatome kommen aber praktisch nirgends auf der Welt (atomar) vor. Geht nicht. H\u00f6chstens molekularer Wasserstoff H<sub>2<\/sub>. Das ja.<\/p>\n<p style=\"text-align: left;\"><img loading=\"lazy\" decoding=\"async\" class=\"wp-image-817 size-full aligncenter\" src=\"https:\/\/flaskman.gymgmunden.at\/wp-content\/uploads\/2018\/10\/Das-Mol-2.png\" alt=\"\" width=\"1410\" height=\"990\" \/>Aber auch molekularer Wasserstoff \u2026 gasf\u00f6rmig, gef\u00e4hrlich, \u00e4u\u00dferst reaktiv. Nicht sehr praktisch.<img loading=\"lazy\" decoding=\"async\" class=\"aligncenter size-full wp-image-833\" src=\"https:\/\/flaskman.gymgmunden.at\/wp-content\/uploads\/2018\/10\/Das-Mol-3.png\" alt=\"\" width=\"1480\" height=\"614\" srcset=\"https:\/\/flaskman.gymgmunden.at\/wp-content\/uploads\/2018\/10\/Das-Mol-3.png 1480w, https:\/\/flaskman.gymgmunden.at\/wp-content\/uploads\/2018\/10\/Das-Mol-3-300x124.png 300w, https:\/\/flaskman.gymgmunden.at\/wp-content\/uploads\/2018\/10\/Das-Mol-3-768x319.png 768w, https:\/\/flaskman.gymgmunden.at\/wp-content\/uploads\/2018\/10\/Das-Mol-3-1024x425.png 1024w, https:\/\/flaskman.gymgmunden.at\/wp-content\/uploads\/2018\/10\/Das-Mol-3-816x339.png 816w\" sizes=\"auto, (max-width: 1480px) 100vw, 1480px\" \/>Die Alternative:\u00a0<strong>Kohlenstoff<\/strong>. Gibt&#8217;s genug, ist stabil. Gut.<\/p>\n<p style=\"text-align: center;\"><img loading=\"lazy\" decoding=\"async\" class=\"aligncenter size-full wp-image-834\" src=\"https:\/\/flaskman.gymgmunden.at\/wp-content\/uploads\/2018\/10\/Das-Mol-4.png\" alt=\"\" width=\"1652\" height=\"866\" srcset=\"https:\/\/flaskman.gymgmunden.at\/wp-content\/uploads\/2018\/10\/Das-Mol-4.png 1652w, https:\/\/flaskman.gymgmunden.at\/wp-content\/uploads\/2018\/10\/Das-Mol-4-300x157.png 300w, https:\/\/flaskman.gymgmunden.at\/wp-content\/uploads\/2018\/10\/Das-Mol-4-768x403.png 768w, https:\/\/flaskman.gymgmunden.at\/wp-content\/uploads\/2018\/10\/Das-Mol-4-1024x537.png 1024w, https:\/\/flaskman.gymgmunden.at\/wp-content\/uploads\/2018\/10\/Das-Mol-4-816x428.png 816w\" sizes=\"auto, (max-width: 1652px) 100vw, 1652px\" \/><span style=\"color: #125c0d;\"><strong><img loading=\"lazy\" decoding=\"async\" class=\"aligncenter size-full wp-image-829\" src=\"https:\/\/flaskman.gymgmunden.at\/wp-content\/uploads\/2018\/10\/Trenner-1.png\" alt=\"\" width=\"1779\" height=\"55\" srcset=\"https:\/\/flaskman.gymgmunden.at\/wp-content\/uploads\/2018\/10\/Trenner-1.png 1779w, https:\/\/flaskman.gymgmunden.at\/wp-content\/uploads\/2018\/10\/Trenner-1-300x9.png 300w, https:\/\/flaskman.gymgmunden.at\/wp-content\/uploads\/2018\/10\/Trenner-1-768x24.png 768w, https:\/\/flaskman.gymgmunden.at\/wp-content\/uploads\/2018\/10\/Trenner-1-1024x32.png 1024w, https:\/\/flaskman.gymgmunden.at\/wp-content\/uploads\/2018\/10\/Trenner-1-816x25.png 816w\" sizes=\"auto, (max-width: 1779px) 100vw, 1779px\" \/>6,022 . 10<sup>23<\/sup> bzw. 1 mol solcher Kohlenstoffatome\u00a0 wiegen 12 Gramm.<br \/>\n<img loading=\"lazy\" decoding=\"async\" class=\"aligncenter size-full wp-image-829\" src=\"https:\/\/flaskman.gymgmunden.at\/wp-content\/uploads\/2018\/10\/Trenner-1.png\" alt=\"\" width=\"1779\" height=\"55\" srcset=\"https:\/\/flaskman.gymgmunden.at\/wp-content\/uploads\/2018\/10\/Trenner-1.png 1779w, https:\/\/flaskman.gymgmunden.at\/wp-content\/uploads\/2018\/10\/Trenner-1-300x9.png 300w, https:\/\/flaskman.gymgmunden.at\/wp-content\/uploads\/2018\/10\/Trenner-1-768x24.png 768w, https:\/\/flaskman.gymgmunden.at\/wp-content\/uploads\/2018\/10\/Trenner-1-1024x32.png 1024w, https:\/\/flaskman.gymgmunden.at\/wp-content\/uploads\/2018\/10\/Trenner-1-816x25.png 816w\" sizes=\"auto, (max-width: 1779px) 100vw, 1779px\" \/><\/strong><\/span><\/p>\n<p>&nbsp;<\/p>\n<p>&nbsp;<\/p>\n","protected":false},"excerpt":{"rendered":"<p>Atome sind so klein und so leicht, man kann sie nicht z\u00e4hlen, man kann sie nicht w\u00e4gen. Man kann\u00a0berechnen, aus wie vielen H-Atomen ein Gramm Wasserstoff besteht. Nicht einfach, aber es geht. \u00dcber Umwege kann berechnen, dass es sich dabei um 6,022 . 1023 Atome handelt. F\u00fcr diese Zahl erfindet man die Bezeichnung\u00a0Mol und erh\u00e4lt [&hellip;]<\/p>\n","protected":false},"author":3,"featured_media":0,"parent":809,"menu_order":0,"comment_status":"closed","ping_status":"closed","template":"","meta":{"footnotes":""},"class_list":["post-811","page","type-page","status-publish","hentry"],"_links":{"self":[{"href":"https:\/\/flaskman.gymgmunden.at\/index.php\/wp-json\/wp\/v2\/pages\/811","targetHints":{"allow":["GET"]}}],"collection":[{"href":"https:\/\/flaskman.gymgmunden.at\/index.php\/wp-json\/wp\/v2\/pages"}],"about":[{"href":"https:\/\/flaskman.gymgmunden.at\/index.php\/wp-json\/wp\/v2\/types\/page"}],"author":[{"embeddable":true,"href":"https:\/\/flaskman.gymgmunden.at\/index.php\/wp-json\/wp\/v2\/users\/3"}],"replies":[{"embeddable":true,"href":"https:\/\/flaskman.gymgmunden.at\/index.php\/wp-json\/wp\/v2\/comments?post=811"}],"version-history":[{"count":11,"href":"https:\/\/flaskman.gymgmunden.at\/index.php\/wp-json\/wp\/v2\/pages\/811\/revisions"}],"predecessor-version":[{"id":839,"href":"https:\/\/flaskman.gymgmunden.at\/index.php\/wp-json\/wp\/v2\/pages\/811\/revisions\/839"}],"up":[{"embeddable":true,"href":"https:\/\/flaskman.gymgmunden.at\/index.php\/wp-json\/wp\/v2\/pages\/809"}],"wp:attachment":[{"href":"https:\/\/flaskman.gymgmunden.at\/index.php\/wp-json\/wp\/v2\/media?parent=811"}],"curies":[{"name":"wp","href":"https:\/\/api.w.org\/{rel}","templated":true}]}}