{"id":855,"date":"2018-11-11T12:31:36","date_gmt":"2018-11-11T11:31:36","guid":{"rendered":"https:\/\/flaskman.gymgmunden.at\/?page_id=855"},"modified":"2018-11-11T17:49:12","modified_gmt":"2018-11-11T16:49:12","slug":"reaktionsgleichung","status":"publish","type":"page","link":"https:\/\/flaskman.gymgmunden.at\/index.php\/chemisches-rechnen\/reaktionsgleichung\/","title":{"rendered":"Reaktionsgleichung"},"content":{"rendered":"<p>Zuerst einmal muss man Dalton glauben. Materie besteht aus kleinsten Teilchen, die (zwar nicht unteilbar sind aber dennoch) sich zu kleinen Konglomeraten namens Molek\u00fclen zusammenschlie\u00dfen.<img loading=\"lazy\" decoding=\"async\" class=\"aligncenter size-full wp-image-856\" src=\"https:\/\/flaskman.gymgmunden.at\/wp-content\/uploads\/2018\/11\/Die-Reaktionsgleichung-1.png\" alt=\"\" width=\"1101\" height=\"458\" srcset=\"https:\/\/flaskman.gymgmunden.at\/wp-content\/uploads\/2018\/11\/Die-Reaktionsgleichung-1.png 1101w, https:\/\/flaskman.gymgmunden.at\/wp-content\/uploads\/2018\/11\/Die-Reaktionsgleichung-1-300x125.png 300w, https:\/\/flaskman.gymgmunden.at\/wp-content\/uploads\/2018\/11\/Die-Reaktionsgleichung-1-768x319.png 768w, https:\/\/flaskman.gymgmunden.at\/wp-content\/uploads\/2018\/11\/Die-Reaktionsgleichung-1-1024x426.png 1024w, https:\/\/flaskman.gymgmunden.at\/wp-content\/uploads\/2018\/11\/Die-Reaktionsgleichung-1-816x339.png 816w\" sizes=\"auto, (max-width: 1101px) 100vw, 1101px\" \/>Kein Wort \u00fcber die Chemische Bindung an dieser Stelle, aber die Zahlenspiele sollen korrekt dargestellt werden.<\/p>\n<p>Wir verwenden nat\u00fcrlich eine entsprechende Schreibweise und keine Bausteine, die uns nur im Verst\u00e4ndnis unterst\u00fctzen.<br \/>\n<img loading=\"lazy\" decoding=\"async\" class=\"aligncenter size-full wp-image-859\" src=\"https:\/\/flaskman.gymgmunden.at\/wp-content\/uploads\/2018\/11\/Die-Reaktionsgleichung-F-1.png\" alt=\"\" width=\"1051\" height=\"200\" srcset=\"https:\/\/flaskman.gymgmunden.at\/wp-content\/uploads\/2018\/11\/Die-Reaktionsgleichung-F-1.png 1051w, https:\/\/flaskman.gymgmunden.at\/wp-content\/uploads\/2018\/11\/Die-Reaktionsgleichung-F-1-300x57.png 300w, https:\/\/flaskman.gymgmunden.at\/wp-content\/uploads\/2018\/11\/Die-Reaktionsgleichung-F-1-768x146.png 768w, https:\/\/flaskman.gymgmunden.at\/wp-content\/uploads\/2018\/11\/Die-Reaktionsgleichung-F-1-1024x195.png 1024w, https:\/\/flaskman.gymgmunden.at\/wp-content\/uploads\/2018\/11\/Die-Reaktionsgleichung-F-1-816x155.png 816w\" sizes=\"auto, (max-width: 1051px) 100vw, 1051px\" \/>Nun kommen aber die Ausgangsstoffe der chemischen Reaktionen nur in den seltensten F\u00e4llen als Einzelbausteine (also atomar) vor. Eine gro\u00dfe Rolle spielt das aber in der Systematik nicht.<\/p>\n<p><img loading=\"lazy\" decoding=\"async\" class=\"aligncenter size-full wp-image-862\" src=\"https:\/\/flaskman.gymgmunden.at\/wp-content\/uploads\/2018\/11\/Die-Reaktionsgleichung-2.png\" alt=\"\" width=\"1870\" height=\"408\" srcset=\"https:\/\/flaskman.gymgmunden.at\/wp-content\/uploads\/2018\/11\/Die-Reaktionsgleichung-2.png 1870w, https:\/\/flaskman.gymgmunden.at\/wp-content\/uploads\/2018\/11\/Die-Reaktionsgleichung-2-300x65.png 300w, https:\/\/flaskman.gymgmunden.at\/wp-content\/uploads\/2018\/11\/Die-Reaktionsgleichung-2-768x168.png 768w, https:\/\/flaskman.gymgmunden.at\/wp-content\/uploads\/2018\/11\/Die-Reaktionsgleichung-2-1024x223.png 1024w, https:\/\/flaskman.gymgmunden.at\/wp-content\/uploads\/2018\/11\/Die-Reaktionsgleichung-2-816x178.png 816w\" sizes=\"auto, (max-width: 1870px) 100vw, 1870px\" \/>In chemischer Schreibweise also<\/p>\n<h4><img loading=\"lazy\" decoding=\"async\" class=\"aligncenter size-full wp-image-869\" src=\"https:\/\/flaskman.gymgmunden.at\/wp-content\/uploads\/2018\/11\/Die-Reaktionsgleichung-F-2.png\" alt=\"\" width=\"1011\" height=\"200\" srcset=\"https:\/\/flaskman.gymgmunden.at\/wp-content\/uploads\/2018\/11\/Die-Reaktionsgleichung-F-2.png 1011w, https:\/\/flaskman.gymgmunden.at\/wp-content\/uploads\/2018\/11\/Die-Reaktionsgleichung-F-2-300x59.png 300w, https:\/\/flaskman.gymgmunden.at\/wp-content\/uploads\/2018\/11\/Die-Reaktionsgleichung-F-2-768x152.png 768w, https:\/\/flaskman.gymgmunden.at\/wp-content\/uploads\/2018\/11\/Die-Reaktionsgleichung-F-2-816x161.png 816w\" sizes=\"auto, (max-width: 1011px) 100vw, 1011px\" \/>Anpassen der Koeffizienten<\/h4>\n<p>Die Bausteine an sich k\u00f6nnen in einer Reaktionsgleichung nicht ver\u00e4ndert werden. Um die Bilanz in einer Gleichung richtig zu stellen (also die Anzahl der beteiligten Atome links und rechts auszugleichen) ist es m\u00f6glich, die Koeffizienten der beteiligten Stoffe entsprechend anzupassen.<\/p>\n<h5>Beispiel: Verbrennung von Benzen<\/h5>\n<p>Zuerst werden die beteiligten (unver\u00e4nderbaren) Ausgangsstoffe und die resultierenden Produkte angeschrieben.<\/p>\n<p><img loading=\"lazy\" decoding=\"async\" class=\"aligncenter size-full wp-image-873\" src=\"https:\/\/flaskman.gymgmunden.at\/wp-content\/uploads\/2018\/11\/Die-Reaktionsgleichung-F-3.png\" alt=\"\" width=\"1020\" height=\"200\" srcset=\"https:\/\/flaskman.gymgmunden.at\/wp-content\/uploads\/2018\/11\/Die-Reaktionsgleichung-F-3.png 1020w, https:\/\/flaskman.gymgmunden.at\/wp-content\/uploads\/2018\/11\/Die-Reaktionsgleichung-F-3-300x59.png 300w, https:\/\/flaskman.gymgmunden.at\/wp-content\/uploads\/2018\/11\/Die-Reaktionsgleichung-F-3-768x151.png 768w, https:\/\/flaskman.gymgmunden.at\/wp-content\/uploads\/2018\/11\/Die-Reaktionsgleichung-F-3-816x160.png 816w\" sizes=\"auto, (max-width: 1020px) 100vw, 1020px\" \/>Erst im zweiten Schritt werden nun die Koeffizienten so angepasst, dass die Summe der Atome auf der linken Seite gleich der Summe der Atome auf der rechten Seite ist.<\/p>\n<p><img loading=\"lazy\" decoding=\"async\" class=\"aligncenter size-full wp-image-874\" src=\"https:\/\/flaskman.gymgmunden.at\/wp-content\/uploads\/2018\/11\/Die-Reaktionsgleichung-F-4.png\" alt=\"\" width=\"1096\" height=\"200\" srcset=\"https:\/\/flaskman.gymgmunden.at\/wp-content\/uploads\/2018\/11\/Die-Reaktionsgleichung-F-4.png 1096w, https:\/\/flaskman.gymgmunden.at\/wp-content\/uploads\/2018\/11\/Die-Reaktionsgleichung-F-4-300x55.png 300w, https:\/\/flaskman.gymgmunden.at\/wp-content\/uploads\/2018\/11\/Die-Reaktionsgleichung-F-4-768x140.png 768w, https:\/\/flaskman.gymgmunden.at\/wp-content\/uploads\/2018\/11\/Die-Reaktionsgleichung-F-4-1024x187.png 1024w, https:\/\/flaskman.gymgmunden.at\/wp-content\/uploads\/2018\/11\/Die-Reaktionsgleichung-F-4-816x149.png 816w\" sizes=\"auto, (max-width: 1096px) 100vw, 1096px\" \/><\/p>\n<h6>M\u00f6glichkeit 1 &#8211; Sinnvolles Probieren<\/h6>\n<p>Man beginnt mit einem Koeffizienten eines Atoms, das links und rechts jeweils in genau einer Verbindung vorkommt. M\u00f6glich ist das hier mit C oder H. Hier wird der Koeffizient zuerst angepasst. Es wird <strong>von links nach rechts<\/strong> gearbeitet<\/p>\n<p><img loading=\"lazy\" decoding=\"async\" class=\"aligncenter size-full wp-image-876\" src=\"https:\/\/flaskman.gymgmunden.at\/wp-content\/uploads\/2018\/11\/Die-Reaktionsgleichung-F-5.png\" alt=\"\" width=\"1099\" height=\"200\" srcset=\"https:\/\/flaskman.gymgmunden.at\/wp-content\/uploads\/2018\/11\/Die-Reaktionsgleichung-F-5.png 1099w, https:\/\/flaskman.gymgmunden.at\/wp-content\/uploads\/2018\/11\/Die-Reaktionsgleichung-F-5-300x55.png 300w, https:\/\/flaskman.gymgmunden.at\/wp-content\/uploads\/2018\/11\/Die-Reaktionsgleichung-F-5-768x140.png 768w, https:\/\/flaskman.gymgmunden.at\/wp-content\/uploads\/2018\/11\/Die-Reaktionsgleichung-F-5-1024x186.png 1024w, https:\/\/flaskman.gymgmunden.at\/wp-content\/uploads\/2018\/11\/Die-Reaktionsgleichung-F-5-816x148.png 816w\" sizes=\"auto, (max-width: 1099px) 100vw, 1099px\" \/>Nun von rechts nach links. Angepasst wird hier noch der Sauerstoff.\u00a0<img loading=\"lazy\" decoding=\"async\" class=\"aligncenter size-full wp-image-877\" src=\"https:\/\/flaskman.gymgmunden.at\/wp-content\/uploads\/2018\/11\/Die-Reaktionsgleichung-F-6.png\" alt=\"\" width=\"1064\" height=\"200\" srcset=\"https:\/\/flaskman.gymgmunden.at\/wp-content\/uploads\/2018\/11\/Die-Reaktionsgleichung-F-6.png 1064w, https:\/\/flaskman.gymgmunden.at\/wp-content\/uploads\/2018\/11\/Die-Reaktionsgleichung-F-6-300x56.png 300w, https:\/\/flaskman.gymgmunden.at\/wp-content\/uploads\/2018\/11\/Die-Reaktionsgleichung-F-6-768x144.png 768w, https:\/\/flaskman.gymgmunden.at\/wp-content\/uploads\/2018\/11\/Die-Reaktionsgleichung-F-6-1024x192.png 1024w, https:\/\/flaskman.gymgmunden.at\/wp-content\/uploads\/2018\/11\/Die-Reaktionsgleichung-F-6-816x153.png 816w\" sizes=\"auto, (max-width: 1064px) 100vw, 1064px\" \/>Zuletzt mag man keine Br\u00fcche als Koeffizienten, man ermittelt die kleinesten ganzzahligen, indem man mit dem entsprechenden Faktor (hier 2) multipliziert.<\/p>\n<h6><img loading=\"lazy\" decoding=\"async\" class=\"aligncenter size-full wp-image-878\" src=\"https:\/\/flaskman.gymgmunden.at\/wp-content\/uploads\/2018\/11\/Die-Reaktionsgleichung-F-7.png\" alt=\"\" width=\"1167\" height=\"200\" srcset=\"https:\/\/flaskman.gymgmunden.at\/wp-content\/uploads\/2018\/11\/Die-Reaktionsgleichung-F-7.png 1167w, https:\/\/flaskman.gymgmunden.at\/wp-content\/uploads\/2018\/11\/Die-Reaktionsgleichung-F-7-300x51.png 300w, https:\/\/flaskman.gymgmunden.at\/wp-content\/uploads\/2018\/11\/Die-Reaktionsgleichung-F-7-768x132.png 768w, https:\/\/flaskman.gymgmunden.at\/wp-content\/uploads\/2018\/11\/Die-Reaktionsgleichung-F-7-1024x175.png 1024w, https:\/\/flaskman.gymgmunden.at\/wp-content\/uploads\/2018\/11\/Die-Reaktionsgleichung-F-7-816x140.png 816w\" sizes=\"auto, (max-width: 1167px) 100vw, 1167px\" \/>M\u00f6glichkeit 2 &#8211; Mit Gleichungen berechnen<\/h6>\n<p>Aus den mit Variablen ausgedr\u00fcckten Koeffizienten l\u00e4sst sich\u00a0<strong>f\u00fcr jedes Element<\/strong> die Bilanzgleichung aufstellen. Die Summe der Atome eines Elements auf der linken Seite gleicht der Summe der Atome eines Elements auf der rechten Seite.<\/p>\n<p><img loading=\"lazy\" decoding=\"async\" class=\"aligncenter size-full wp-image-879\" src=\"https:\/\/flaskman.gymgmunden.at\/wp-content\/uploads\/2018\/11\/Die-Reaktionsgleichung-F-8.png\" alt=\"\" width=\"1024\" height=\"515\" srcset=\"https:\/\/flaskman.gymgmunden.at\/wp-content\/uploads\/2018\/11\/Die-Reaktionsgleichung-F-8.png 1024w, https:\/\/flaskman.gymgmunden.at\/wp-content\/uploads\/2018\/11\/Die-Reaktionsgleichung-F-8-300x151.png 300w, https:\/\/flaskman.gymgmunden.at\/wp-content\/uploads\/2018\/11\/Die-Reaktionsgleichung-F-8-768x386.png 768w, https:\/\/flaskman.gymgmunden.at\/wp-content\/uploads\/2018\/11\/Die-Reaktionsgleichung-F-8-816x410.png 816w, https:\/\/flaskman.gymgmunden.at\/wp-content\/uploads\/2018\/11\/Die-Reaktionsgleichung-F-8-400x200.png 400w\" sizes=\"auto, (max-width: 1024px) 100vw, 1024px\" \/>Es handelt sich hierbei um drei Gleichungen f\u00fcr vier Unbekannte. Mathematisch also nicht ausreichend bestimmt, um eine eindeutige L\u00f6sung zu erhalten. Das ist aber selbstverst\u00e4ndlich, da die L\u00f6sung des Gleichungssystems ja niemals eindeutig ist, Vielfache einer L\u00f6sungsm\u00f6glichkeit m\u00fcssen selbstverst\u00e4ndlich ebenfalls L\u00f6sungen des Gleichungssystems sein.<\/p>\n<p>L\u00f6sen l\u00e4sst sich dieses Gleichungssystem wie gewohnt (Substitution, Eliminerung, \u2026)<img loading=\"lazy\" decoding=\"async\" class=\"aligncenter size-full wp-image-882\" src=\"https:\/\/flaskman.gymgmunden.at\/wp-content\/uploads\/2018\/11\/Die-Reaktionsgleichung-3.png\" alt=\"\" width=\"1771\" height=\"941\" srcset=\"https:\/\/flaskman.gymgmunden.at\/wp-content\/uploads\/2018\/11\/Die-Reaktionsgleichung-3.png 1771w, https:\/\/flaskman.gymgmunden.at\/wp-content\/uploads\/2018\/11\/Die-Reaktionsgleichung-3-300x159.png 300w, https:\/\/flaskman.gymgmunden.at\/wp-content\/uploads\/2018\/11\/Die-Reaktionsgleichung-3-768x408.png 768w, https:\/\/flaskman.gymgmunden.at\/wp-content\/uploads\/2018\/11\/Die-Reaktionsgleichung-3-1024x544.png 1024w, https:\/\/flaskman.gymgmunden.at\/wp-content\/uploads\/2018\/11\/Die-Reaktionsgleichung-3-816x434.png 816w\" sizes=\"auto, (max-width: 1771px) 100vw, 1771px\" \/>Und damit auch hier also das selbe Ergebnis. Nur ohne Probieren.<\/p>\n<h4><img loading=\"lazy\" decoding=\"async\" class=\"aligncenter size-full wp-image-878\" src=\"https:\/\/flaskman.gymgmunden.at\/wp-content\/uploads\/2018\/11\/Die-Reaktionsgleichung-F-7.png\" alt=\"\" width=\"1167\" height=\"200\" srcset=\"https:\/\/flaskman.gymgmunden.at\/wp-content\/uploads\/2018\/11\/Die-Reaktionsgleichung-F-7.png 1167w, https:\/\/flaskman.gymgmunden.at\/wp-content\/uploads\/2018\/11\/Die-Reaktionsgleichung-F-7-300x51.png 300w, https:\/\/flaskman.gymgmunden.at\/wp-content\/uploads\/2018\/11\/Die-Reaktionsgleichung-F-7-768x132.png 768w, https:\/\/flaskman.gymgmunden.at\/wp-content\/uploads\/2018\/11\/Die-Reaktionsgleichung-F-7-1024x175.png 1024w, https:\/\/flaskman.gymgmunden.at\/wp-content\/uploads\/2018\/11\/Die-Reaktionsgleichung-F-7-816x140.png 816w\" sizes=\"auto, (max-width: 1167px) 100vw, 1167px\" \/>Weitere Beispiele<\/h4>\n<p><strong>Stimme folgende Reaktionsgleichungen ab<\/strong><\/p>\n<p>(1) Al + Cl<sub>2<\/sub> \u2192 AlCl<sub>3<\/sub><br \/>\n(2) C<sub>3<\/sub>H<sub>8<\/sub> \u2192 C<sub>2<\/sub> + H<sub>2<\/sub>O<br \/>\n(3) Na + O<sub>2<\/sub> \u2192 Na<sub>2<\/sub>O<br \/>\n(4) Mg + I<sub>2<\/sub> \u2192 MgI<sub>2<\/sub><br \/>\n(5) CuO + Fe \u2192 FeO + Cu<br \/>\n(6) C<sub>8<\/sub>H<sub>18<\/sub> + O<sub>2<\/sub> \u2192 CO<sub>2<\/sub> + H<sub>2<\/sub>O<br \/>\n(7) C<sub>5<\/sub>H<sub>10<\/sub> + O<sub>2<\/sub> \u2192 CO<sub>2<\/sub> + H<sub>2<\/sub>O<br \/>\n(8) C<sub>7<\/sub>H<sub>16<\/sub> + O<sub>2<\/sub> \u2192 CO<sub>2<\/sub> + H<sub>2<\/sub>O<br \/>\n(9) C<sub>2<\/sub>H<sub>6<\/sub>O + O<sub>2<\/sub> \u2192 CO<sub>2<\/sub> + H<sub>2<\/sub>O<br \/>\n(10) FeS<sub>2<\/sub> + O<sub>2<\/sub> \u2192 Fe<sub>2<\/sub>O<sub>3<\/sub> + SO<sub>2<\/sub><\/p>\n<p><strong>Schreibe folgende Reaktionsgleichungen an<\/strong><\/p>\n<p>(1) Bildung von Eisen(III)-oxid aus den Elementen<br \/>\n(2) Verbrennung (=Reaktion mit Sauerstoff) von Aluminium<br \/>\n(3) Kupfer(II)-oxid reagiert mit Wasserstoff zu einem Metall und einer bekannten Molek\u00fclverbindung<br \/>\n(4) Magnesium reagiert mit Salzs\u00e4ure zu einem Salz und einem brennbaren Gas<br \/>\n(5) Natrium reagiert mit Wasser<br \/>\n(6) Schwefeldioxid reagiert mit Sauerstoff zu Schwefeltrioxid<br \/>\n(7) Zerlegung von Wasser in die Elemente<\/p>\n<p>Beachte &#8211;\u00a0<strong>Bei einer chemischen Reaktion m\u00fcssen auch die Ladungen vor und nach der Reaktion \u00fcbereinstimmen.<\/strong><img loading=\"lazy\" decoding=\"async\" class=\"aligncenter size-full wp-image-884\" src=\"https:\/\/flaskman.gymgmunden.at\/wp-content\/uploads\/2018\/11\/Die-Reaktionsgleichung-4.png\" alt=\"\" width=\"1425\" height=\"362\" srcset=\"https:\/\/flaskman.gymgmunden.at\/wp-content\/uploads\/2018\/11\/Die-Reaktionsgleichung-4.png 1425w, https:\/\/flaskman.gymgmunden.at\/wp-content\/uploads\/2018\/11\/Die-Reaktionsgleichung-4-300x76.png 300w, https:\/\/flaskman.gymgmunden.at\/wp-content\/uploads\/2018\/11\/Die-Reaktionsgleichung-4-768x195.png 768w, https:\/\/flaskman.gymgmunden.at\/wp-content\/uploads\/2018\/11\/Die-Reaktionsgleichung-4-1024x260.png 1024w, https:\/\/flaskman.gymgmunden.at\/wp-content\/uploads\/2018\/11\/Die-Reaktionsgleichung-4-816x207.png 816w\" sizes=\"auto, (max-width: 1425px) 100vw, 1425px\" \/>Stimme die folgenden Reaktionsgleichungen ab<br \/>\n(1) Ba<sub>3<\/sub>N<sub>2<\/sub> + H<sub>2<\/sub>O \u2192 Ba(OH)<sub>2<\/sub> + NH<sub>3<\/sub><br \/>\n(2) Cu + NO<sub>3<\/sub><sup>&#8211;<\/sup> + H<sup>+<\/sup> \u2192 Cu<sup>2+<\/sup> + NO + H<sup>2<\/sup><br \/>\n(3) Cr<sub>2<\/sub>O<sub>7<\/sub><sup>2-<\/sup> + H<sub>2<\/sub>O + H<sup>+<\/sup> \u2192 Cr<sup>3+<\/sup> + S + H<sub>2<\/sub>O<\/p>\n","protected":false},"excerpt":{"rendered":"<p>Zuerst einmal muss man Dalton glauben. Materie besteht aus kleinsten Teilchen, die (zwar nicht unteilbar sind aber dennoch) sich zu kleinen Konglomeraten namens Molek\u00fclen zusammenschlie\u00dfen.Kein Wort \u00fcber die Chemische Bindung an dieser Stelle, aber die Zahlenspiele sollen korrekt dargestellt werden. Wir verwenden nat\u00fcrlich eine entsprechende Schreibweise und keine Bausteine, die uns nur im Verst\u00e4ndnis unterst\u00fctzen. [&hellip;]<\/p>\n","protected":false},"author":3,"featured_media":0,"parent":809,"menu_order":0,"comment_status":"closed","ping_status":"closed","template":"","meta":{"footnotes":""},"class_list":["post-855","page","type-page","status-publish","hentry"],"_links":{"self":[{"href":"https:\/\/flaskman.gymgmunden.at\/index.php\/wp-json\/wp\/v2\/pages\/855","targetHints":{"allow":["GET"]}}],"collection":[{"href":"https:\/\/flaskman.gymgmunden.at\/index.php\/wp-json\/wp\/v2\/pages"}],"about":[{"href":"https:\/\/flaskman.gymgmunden.at\/index.php\/wp-json\/wp\/v2\/types\/page"}],"author":[{"embeddable":true,"href":"https:\/\/flaskman.gymgmunden.at\/index.php\/wp-json\/wp\/v2\/users\/3"}],"replies":[{"embeddable":true,"href":"https:\/\/flaskman.gymgmunden.at\/index.php\/wp-json\/wp\/v2\/comments?post=855"}],"version-history":[{"count":12,"href":"https:\/\/flaskman.gymgmunden.at\/index.php\/wp-json\/wp\/v2\/pages\/855\/revisions"}],"predecessor-version":[{"id":885,"href":"https:\/\/flaskman.gymgmunden.at\/index.php\/wp-json\/wp\/v2\/pages\/855\/revisions\/885"}],"up":[{"embeddable":true,"href":"https:\/\/flaskman.gymgmunden.at\/index.php\/wp-json\/wp\/v2\/pages\/809"}],"wp:attachment":[{"href":"https:\/\/flaskman.gymgmunden.at\/index.php\/wp-json\/wp\/v2\/media?parent=855"}],"curies":[{"name":"wp","href":"https:\/\/api.w.org\/{rel}","templated":true}]}}