{"id":896,"date":"2018-11-26T14:55:24","date_gmt":"2018-11-26T13:55:24","guid":{"rendered":"https:\/\/flaskman.gymgmunden.at\/?page_id=896"},"modified":"2018-12-03T13:21:16","modified_gmt":"2018-12-03T12:21:16","slug":"elektrochemie","status":"publish","type":"page","link":"https:\/\/flaskman.gymgmunden.at\/index.php\/elektrochemie\/","title":{"rendered":"Elektrochemie"},"content":{"rendered":"<ol>\n<li><a href=\"#Redox-Gleichungen\">Redox Gleichungen<\/a><\/li>\n<li>Redox Potenziale &#8211; Spannungsreihe<\/li>\n<li>Elektromotorische Kraft EMK &#8211; Nernst&#8217;sche Gleichung<\/li>\n<li>Ohm&#8217;sches Gesetz<\/li>\n<li>Widerstand und Leitf\u00e4higkeit<\/li>\n<li>Kirchhoff Gesetze<\/li>\n<li>Elektrolyse &#8211; Faraday Gesetze<\/li>\n<li>Elektrische Leistung und elektr. Arbeit<\/li>\n<\/ol>\n<h3>Die Oxidationszahl<\/h3>\n<p>Um die Elektronenbilanz aller bei einer Reaktion beteiligten Elemente berechnen zu k\u00f6nnen, werden Oxidationszahlen nach folgenden Regeln berechnet<\/p>\n<ol>\n<li>Elemente haben OxZ=0<\/li>\n<li>Ionen haben OxZ gleich der Ionenladung<\/li>\n<li>H in Verbindungen hat (fast) immer +1<\/li>\n<li>O in Verbindungen hat (fast) immer -2<\/li>\n<li>Alkalimetalle (1. Hauptgruppe) haben in Verbindungen immer +1<\/li>\n<li>Erdalkalimetalle (2. Hauptgruppe) haben in Verbindungen immer +2<\/li>\n<li>Die Summe der OxZ einer Verbindung muss immer gleich der Gesamtladung (also zumeist gleich Null) sein<\/li>\n<\/ol>\n<h2><a id=\"Redox-Gleichungen\">Redox Gleichungen<\/a><\/h2>\n<p>In Redoxgleichungen werden \u00dcberg\u00e4nge von Elektronen verdeutlicht und die zugeh\u00f6rigen Reaktionsgleichungen so angepasst, dass weder Elektronen verloren gehen, noch auftauchen.<\/p>\n<p><strong>Oxidation<\/strong>: Bei der Reaktion werden Elektronen abgegeben, die Oxidationszahl steigt.<\/p>\n<p><strong>Reduktion:<\/strong>\u00a0Bei der Reaktion werden Elektronen aufgenommen, die Oxidationszahl sinkt.<\/p>\n<p><strong>Die Elektronenbilanz einer Reaktion muss ausgeglichen sein.<\/strong><\/p>\n<h3>\u00dcbungen<\/h3>\n<p><strong>\u00dcbungsblatt zu Oxidationszahlen und Redoxgleichungen\u00a0<\/strong>&#8211;\u00a0<a href=\"https:\/\/flaskman.gymgmunden.at\/wp-content\/uploads\/2018\/12\/Chemisches-Rechnen-Ue-Oxidationszahlen.pdf\">Download<\/a><\/p>\n","protected":false},"excerpt":{"rendered":"<p>Redox Gleichungen Redox Potenziale &#8211; Spannungsreihe Elektromotorische Kraft EMK &#8211; Nernst&#8217;sche Gleichung Ohm&#8217;sches Gesetz Widerstand und Leitf\u00e4higkeit Kirchhoff Gesetze Elektrolyse &#8211; Faraday Gesetze Elektrische Leistung und elektr. Arbeit Die Oxidationszahl Um die Elektronenbilanz aller bei einer Reaktion beteiligten Elemente berechnen zu k\u00f6nnen, werden Oxidationszahlen nach folgenden Regeln berechnet Elemente haben OxZ=0 Ionen haben OxZ gleich [&hellip;]<\/p>\n","protected":false},"author":3,"featured_media":0,"parent":0,"menu_order":0,"comment_status":"closed","ping_status":"closed","template":"","meta":{"footnotes":""},"class_list":["post-896","page","type-page","status-publish","hentry"],"_links":{"self":[{"href":"https:\/\/flaskman.gymgmunden.at\/index.php\/wp-json\/wp\/v2\/pages\/896","targetHints":{"allow":["GET"]}}],"collection":[{"href":"https:\/\/flaskman.gymgmunden.at\/index.php\/wp-json\/wp\/v2\/pages"}],"about":[{"href":"https:\/\/flaskman.gymgmunden.at\/index.php\/wp-json\/wp\/v2\/types\/page"}],"author":[{"embeddable":true,"href":"https:\/\/flaskman.gymgmunden.at\/index.php\/wp-json\/wp\/v2\/users\/3"}],"replies":[{"embeddable":true,"href":"https:\/\/flaskman.gymgmunden.at\/index.php\/wp-json\/wp\/v2\/comments?post=896"}],"version-history":[{"count":13,"href":"https:\/\/flaskman.gymgmunden.at\/index.php\/wp-json\/wp\/v2\/pages\/896\/revisions"}],"predecessor-version":[{"id":911,"href":"https:\/\/flaskman.gymgmunden.at\/index.php\/wp-json\/wp\/v2\/pages\/896\/revisions\/911"}],"wp:attachment":[{"href":"https:\/\/flaskman.gymgmunden.at\/index.php\/wp-json\/wp\/v2\/media?parent=896"}],"curies":[{"name":"wp","href":"https:\/\/api.w.org\/{rel}","templated":true}]}}